{"id":2,"date":"2025-10-29T17:57:58","date_gmt":"2025-10-29T17:57:58","guid":{"rendered":"https:\/\/idearsoluciones.com\/?page_id=2"},"modified":"2025-11-11T19:17:28","modified_gmt":"2025-11-11T19:17:28","slug":"sample-page","status":"publish","type":"page","link":"https:\/\/idearsoluciones.com\/","title":{"rendered":"Acerca de IDEAR"},"content":{"rendered":"\r\n<h2 data-start=\"181\" data-end=\"201\"><strong data-start=\"184\" data-end=\"201\">Qui\u00e9nes Somos<\/strong><\/h2>\r\n<p data-start=\"203\" data-end=\"607\">Desde <strong data-start=\"209\" data-end=\"217\">2007<\/strong>, nuestra empresa brinda <strong data-start=\"242\" data-end=\"279\">servicios inform\u00e1ticos integrales<\/strong> orientados a potenciar la gesti\u00f3n y el crecimiento de organizaciones de distintos sectores.<br data-start=\"371\" data-end=\"374\" \/>Nos especializamos en el desarrollo de <strong data-start=\"413\" data-end=\"450\">tableros de gesti\u00f3n y<\/strong>\u00a0<strong data-start=\"452\" data-end=\"479\">consultor\u00eda tecnol\u00f3gica<\/strong>, ofreciendo herramientas que transforman los datos en decisiones estrat\u00e9gicas.<\/p>\r\n<p data-start=\"609\" data-end=\"957\">Contamos con un <strong data-start=\"625\" data-end=\"673\">equipo de profesionales altamente capacitado<\/strong>, con amplia experiencia en tecnolog\u00edas de informaci\u00f3n, an\u00e1lisis de datos y gesti\u00f3n de proyectos. Nuestra filosof\u00eda se basa en la <strong data-start=\"803\" data-end=\"888\">innovaci\u00f3n constante, la calidad del servicio y la cercan\u00eda con nuestros clientes<\/strong>, acompa\u00f1\u00e1ndolos en cada etapa del proceso de transformaci\u00f3n digital.<\/p>\r\n<p data-start=\"959\" data-end=\"1139\">Con m\u00e1s de <strong data-start=\"970\" data-end=\"996\">15 a\u00f1os de trayectoria<\/strong>, seguimos comprometidos en ofrecer soluciones tecnol\u00f3gicas eficientes, escalables y seguras, adaptadas a las necesidades de cada organizaci\u00f3n.<\/p>\r\n","protected":false},"excerpt":{"rendered":"<p>Qui\u00e9nes Somos Desde 2007, nuestra empresa brinda servicios inform\u00e1ticos integrales orientados a potenciar la gesti\u00f3n y el crecimiento de organizaciones [&hellip;]<\/p>\n","protected":false},"author":1,"featured_media":0,"parent":0,"menu_order":0,"comment_status":"closed","ping_status":"open","template":"","meta":{"footnotes":""},"class_list":["post-2","page","type-page","status-publish","hentry"],"_links":{"self":[{"href":"https:\/\/idearsoluciones.com\/index.php\/wp-json\/wp\/v2\/pages\/2","targetHints":{"allow":["GET"]}}],"collection":[{"href":"https:\/\/idearsoluciones.com\/index.php\/wp-json\/wp\/v2\/pages"}],"about":[{"href":"https:\/\/idearsoluciones.com\/index.php\/wp-json\/wp\/v2\/types\/page"}],"author":[{"embeddable":true,"href":"https:\/\/idearsoluciones.com\/index.php\/wp-json\/wp\/v2\/users\/1"}],"replies":[{"embeddable":true,"href":"https:\/\/idearsoluciones.com\/index.php\/wp-json\/wp\/v2\/comments?post=2"}],"version-history":[{"count":3,"href":"https:\/\/idearsoluciones.com\/index.php\/wp-json\/wp\/v2\/pages\/2\/revisions"}],"predecessor-version":[{"id":27,"href":"https:\/\/idearsoluciones.com\/index.php\/wp-json\/wp\/v2\/pages\/2\/revisions\/27"}],"wp:attachment":[{"href":"https:\/\/idearsoluciones.com\/index.php\/wp-json\/wp\/v2\/media?parent=2"}],"curies":[{"name":"wp","href":"https:\/\/api.w.org\/{rel}","templated":true}]}}